{"id":42,"date":"2022-03-08T13:24:23","date_gmt":"2022-03-08T13:24:23","guid":{"rendered":"https:\/\/ornamento.com.br\/?page_id=42"},"modified":"2022-03-09T12:13:47","modified_gmt":"2022-03-09T12:13:47","slug":"quem-somos","status":"publish","type":"page","link":"https:\/\/ornamento.com.br\/?page_id=42","title":{"rendered":"Quem Somos"},"content":{"rendered":"\n<figure class=\"wp-block-image size-large\"><img data-dominant-color=\"635b51\" data-has-transparency=\"false\" style=\"--dominant-color: #635b51;\" decoding=\"async\" src=\"https:\/\/ornamento.com.br\/wp-content\/uploads\/2022\/03\/WhatsApp-Image-2022-02-03-at-11.24.33-2.jpeg\" alt=\"\" class=\"not-transparent wp-image-93\"\/><\/figure>\n\n\n\n<p class=\"has-drop-cap\">A Ornamento Design \u00e9 uma empresa que est\u00e1 no mercado h\u00e1 13 anos e nesta trajet\u00f3ria desenvolveu alguns diferenciais dos concorrentes. Quando um cliente solicita um trabalho para nossa equipe, buscamos fazer o melhor trabalho, solucionando todas as demandas e deixando o cliente tranquilo e satisfeito, mas algu\u00e9m pode falar: Isso \u00e9 m\u00ednimo e bom atendimento \u00e9 obriga\u00e7\u00e3o? Sim \u00e9 mesmo, mas temos diversos segmentos e conseguimos suprir todas aas demandas dos projetos. Somos uma empresa M\u00faltipla que oferece desde o desenvolvimento do projeto, execu\u00e7\u00e3o nos espa\u00e7o e a manuten\u00e7\u00e3o p\u00f3s trabalho realizado, para que isso aconte\u00e7a, temos uma equipe treinada e especializada em cada segmento da empresa, al\u00e9m de excelentes parceiros que est\u00e3o dispostos sempre que necessitamos. Tudo isso, faz muita diferen\u00e7a no mercado.<\/p>\n\n\n\n<p>Podemos criar seu projeto do zero, trabalhamos com o que h\u00e1 de melhor no mercado de decora\u00e7\u00e3o, projetamos m\u00f3veis, fazemos a reforma de espa\u00e7o ou do im\u00f3vel todo, realizamos manuten\u00e7\u00e3o do nosso trabalho e de terceiros. Entendemos muito o que o cliente deseja: praticidade, conforto, beleza e que ao contratar uma empresa para uma desenvolver um grande projeto de um im\u00f3vel, escrit\u00f3rio ou mudar espa\u00e7o em casa e transform\u00e1-lo em algo harm\u00f4nico e de acordo com estilo da pessoa.<\/p>\n\n\n\n<p>Oferecemos sempre o melhor para o nosso cliente, por isso, nos consolidamos nesses 13 anos de exist\u00eancia.<\/p>\n\n\n\n<p><\/p>\n","protected":false},"excerpt":{"rendered":"<p>A Ornamento Design \u00e9 uma empresa que est\u00e1 no mercado h\u00e1 13 anos e nesta trajet\u00f3ria desenvolveu alguns diferenciais dos concorrentes. Quando um cliente solicita um trabalho para nossa equipe, buscamos fazer o melhor trabalho, solucionando todas as demandas e deixando o cliente tranquilo e satisfeito, mas algu\u00e9m pode falar: Isso \u00e9 m\u00ednimo e bom [&hellip;]<\/p>\n","protected":false},"author":1,"featured_media":0,"parent":0,"menu_order":0,"comment_status":"closed","ping_status":"closed","template":"","meta":{"pgc_sgb_lightbox_settings":"","footnotes":""},"class_list":["post-42","page","type-page","status-publish","hentry"],"_links":{"self":[{"href":"https:\/\/ornamento.com.br\/index.php?rest_route=\/wp\/v2\/pages\/42","targetHints":{"allow":["GET"]}}],"collection":[{"href":"https:\/\/ornamento.com.br\/index.php?rest_route=\/wp\/v2\/pages"}],"about":[{"href":"https:\/\/ornamento.com.br\/index.php?rest_route=\/wp\/v2\/types\/page"}],"author":[{"embeddable":true,"href":"https:\/\/ornamento.com.br\/index.php?rest_route=\/wp\/v2\/users\/1"}],"replies":[{"embeddable":true,"href":"https:\/\/ornamento.com.br\/index.php?rest_route=%2Fwp%2Fv2%2Fcomments&post=42"}],"version-history":[{"count":3,"href":"https:\/\/ornamento.com.br\/index.php?rest_route=\/wp\/v2\/pages\/42\/revisions"}],"predecessor-version":[{"id":96,"href":"https:\/\/ornamento.com.br\/index.php?rest_route=\/wp\/v2\/pages\/42\/revisions\/96"}],"wp:attachment":[{"href":"https:\/\/ornamento.com.br\/index.php?rest_route=%2Fwp%2Fv2%2Fmedia&parent=42"}],"curies":[{"name":"wp","href":"https:\/\/api.w.org\/{rel}","templated":true}]}}